{"id":2,"date":"2009-10-18T14:06:57","date_gmt":"2009-10-18T12:06:57","guid":{"rendered":"http:\/\/techtalks.de\/?page_id=2"},"modified":"2009-10-18T14:35:45","modified_gmt":"2009-10-18T12:35:45","slug":"eine-seite","status":"publish","type":"page","link":"http:\/\/techtalks.de\/?page_id=2","title":{"rendered":"Impressum"},"content":{"rendered":"<div style=\"float: right; margin-left: 10px;\"><a href=\"https:\/\/twitter.com\/share\" class=\"twitter-share-button\" data-via=\"_techtalks\" data-count=\"vertical\" data-url=\"http:\/\/techtalks.de\/?page_id=2\">Tweet<\/a><\/div>\n<p>Stefan Fuchs<\/p>\n<p>Kindlweg 8<\/p>\n<p>93105 Tegernheim<\/p>\n<p>E-Mail: info [AT] techtalks.de<br \/>\nInternet: www.techtalks.de<\/p>\n<p>Inhaltlich Verantwortlicher gem\u00e4\u00df \u00a7 10 Absatz 3 MDStV: Stefan Fuchs<\/p>\n<p>Haftungshinweis: Trotz sorgf\u00e4ltiger inhaltlicher Kontrolle \u00fcbernehmen wir keine Haftung f\u00fcr die Inhalte externer Links. F\u00fcr den Inhalt der verlinkten Seiten sind ausschlie\u00dflich deren Betreiber verantwortlich.<br \/>\nBitte beachten Sie unseren <a href=\"http:\/\/www.disclaimer.de\/disclaimer.htm?farbe=FFFFFF\/000000\/000000\/000000\" target=\"_blank\">Haftungsausschluss<\/a>.<\/p>\n","protected":false},"excerpt":{"rendered":"<p>Tweet Stefan Fuchs Kindlweg 8 93105 Tegernheim E-Mail: info [AT] techtalks.de Internet: www.techtalks.de Inhaltlich Verantwortlicher gem\u00e4\u00df \u00a7 10 Absatz 3 MDStV: Stefan Fuchs Haftungshinweis: Trotz sorgf\u00e4ltiger inhaltlicher Kontrolle \u00fcbernehmen wir keine Haftung f\u00fcr die Inhalte externer Links. F\u00fcr den Inhalt der verlinkten Seiten sind ausschlie\u00dflich deren Betreiber verantwortlich. Bitte beachten Sie unseren Haftungsausschluss.<\/p>\n","protected":false},"author":1,"featured_media":0,"parent":0,"menu_order":0,"comment_status":"closed","ping_status":"closed","template":"","meta":{"footnotes":""},"class_list":["post-2","page","type-page","status-publish","hentry"],"aioseo_notices":[],"_links":{"self":[{"href":"http:\/\/techtalks.de\/index.php?rest_route=\/wp\/v2\/pages\/2","targetHints":{"allow":["GET"]}}],"collection":[{"href":"http:\/\/techtalks.de\/index.php?rest_route=\/wp\/v2\/pages"}],"about":[{"href":"http:\/\/techtalks.de\/index.php?rest_route=\/wp\/v2\/types\/page"}],"author":[{"embeddable":true,"href":"http:\/\/techtalks.de\/index.php?rest_route=\/wp\/v2\/users\/1"}],"replies":[{"embeddable":true,"href":"http:\/\/techtalks.de\/index.php?rest_route=%2Fwp%2Fv2%2Fcomments&post=2"}],"version-history":[{"count":6,"href":"http:\/\/techtalks.de\/index.php?rest_route=\/wp\/v2\/pages\/2\/revisions"}],"predecessor-version":[{"id":13,"href":"http:\/\/techtalks.de\/index.php?rest_route=\/wp\/v2\/pages\/2\/revisions\/13"}],"wp:attachment":[{"href":"http:\/\/techtalks.de\/index.php?rest_route=%2Fwp%2Fv2%2Fmedia&parent=2"}],"curies":[{"name":"wp","href":"https:\/\/api.w.org\/{rel}","templated":true}]}}